{"id":15,"date":"2013-02-13T15:48:33","date_gmt":"2013-02-13T13:48:33","guid":{"rendered":"http:\/\/neu.shalanga.de\/wordpress\/?page_id=15"},"modified":"2017-05-02T11:41:04","modified_gmt":"2017-05-02T09:41:04","slug":"impressum","status":"publish","type":"page","link":"https:\/\/www.shalanga.de\/?page_id=15","title":{"rendered":"Impressum"},"content":{"rendered":"<p><strong>Nelly Kampf<\/strong><\/p>\n<p>Am Hellteich 44<br \/>\n23619 Zarpen<\/p>\n<p>0170 5375590<br \/>\nnelly.k@shalanga.de<\/p>\n<p>Programmierung\/Screendesign: <a href=\"http:\/\/www.dkmediendesign.de\" target=\"_blank\" rel=\"noopener noreferrer\"><strong>dk mediendesign<\/strong><\/a><\/p>\n<p><img loading=\"lazy\" decoding=\"async\" class=\"alignnone size-thumbnail wp-image-1800\" src=\"https:\/\/www.shalanga.de\/wp-content\/uploads\/2013\/02\/dk-logo-klein-01-150x150.png\" alt=\"dk mediendesign\" width=\"150\" height=\"150\" \/><\/p>\n<p>Angabe gem\u00e4\u00df \u00a7 6 Anbieterkennzeichnung des Teledienstgesetzes vom 14.12.2001<\/p>\n<p>Haftungsausschluss:<\/p>\n<p>Alle in den Internetseiten von Nelly Kampf enthaltenen Angaben und Informationen wurden sorgf\u00e4ltig recherchiert und gepr\u00fcft. F\u00fcr Richtigkeit, Vollst\u00e4ndigkeit und Aktualit\u00e4t \u00fcbernimmt Nelly Kampf jedoch keine Haftung.<\/p>\n<p>Die Internetseite von Nelly Kampf, kann ohne unser Wissen von einer anderen Seite mittels Hyperlink verbunden worden sein. Nelly Kampf, \u00fcbernimmt keine Verantwortung f\u00fcr Darstellung, Inhalt oder irgendeine Verbindung zur Ihrer Person auf Internetseiten Dritter.<\/p>\n","protected":false},"excerpt":{"rendered":"<p>Nelly Kampf Am Hellteich 44 23619 Zarpen 0170 5375590 nelly.k@shalanga.de Programmierung\/Screendesign: dk mediendesign Angabe gem\u00e4\u00df \u00a7 6 Anbieterkennzeichnung des Teledienstgesetzes vom 14.12.2001 Haftungsausschluss: Alle in den Internetseiten von Nelly Kampf [&hellip;]<\/p>\n","protected":false},"author":1,"featured_media":0,"parent":0,"menu_order":0,"comment_status":"closed","ping_status":"open","template":"","meta":{"footnotes":""},"class_list":["post-15","page","type-page","status-publish","hentry"],"_links":{"self":[{"href":"https:\/\/www.shalanga.de\/index.php?rest_route=\/wp\/v2\/pages\/15","targetHints":{"allow":["GET"]}}],"collection":[{"href":"https:\/\/www.shalanga.de\/index.php?rest_route=\/wp\/v2\/pages"}],"about":[{"href":"https:\/\/www.shalanga.de\/index.php?rest_route=\/wp\/v2\/types\/page"}],"author":[{"embeddable":true,"href":"https:\/\/www.shalanga.de\/index.php?rest_route=\/wp\/v2\/users\/1"}],"replies":[{"embeddable":true,"href":"https:\/\/www.shalanga.de\/index.php?rest_route=%2Fwp%2Fv2%2Fcomments&post=15"}],"version-history":[{"count":6,"href":"https:\/\/www.shalanga.de\/index.php?rest_route=\/wp\/v2\/pages\/15\/revisions"}],"predecessor-version":[{"id":2019,"href":"https:\/\/www.shalanga.de\/index.php?rest_route=\/wp\/v2\/pages\/15\/revisions\/2019"}],"wp:attachment":[{"href":"https:\/\/www.shalanga.de\/index.php?rest_route=%2Fwp%2Fv2%2Fmedia&parent=15"}],"curies":[{"name":"wp","href":"https:\/\/api.w.org\/{rel}","templated":true}]}}