{"id":201,"date":"2013-09-30T14:19:21","date_gmt":"2013-09-30T12:19:21","guid":{"rendered":"http:\/\/neu.shalanga.de\/?page_id=201"},"modified":"2013-09-30T14:19:21","modified_gmt":"2013-09-30T12:19:21","slug":"rasseportrait","status":"publish","type":"page","link":"https:\/\/www.shalanga.de\/?page_id=201","title":{"rendered":"Rasseportrait"},"content":{"rendered":"<p>Der Rhodesian Ridgeback ist ein eher ruhiger Hund, der schon in seiner Jugend eigentlich nach menschlichen Ma\u00dfst\u00e4ben recht &#8218;anst\u00e4ndig&#8216; ist und sich, wenn die Besitzer verst\u00e4ndig und mit Augenma\u00df herangehen, meist leichter erziehen l\u00e4\u00dft als kleinere Rassen. Er ist insoweit sozial bestens angepa\u00dft, da\u00df er seine Familie und deren Mitglieder \u00fcber alles liebt und deren Freunde wie auch die Besucher freundlich duldet, solange sie sich nicht merkw\u00fcrdig benehmen.<\/p>\n<p>Gegen\u00fcber anderen Hunden ist er eher zur\u00fcckhaltend, aber freundlich in der Grundstimmung, einem wilden Spiel mit einem anderen Hund ist auch ein erwachsener Rhodesian Ridgeback nicht abgeneigt. Das Territorium darf jedoch kein anderer Hund einem R\u00fcden oder einer H\u00fcndin streitig machen, das wird von unserem Rhodesian Ridgeback entschlossen ausgefochten, und da hat eine andere Rasse nur selten die Chance des Obsiegens.<\/p>\n<p>Der Rhodesian Ridgeback ist \u00e4u\u00dferst arbeitsfreudig, aber wird nur das vollziehen, was ihm ausschlie\u00dflich mit \u00dcberzeugungskraft und Zuneigung vermittelt wurde. Eine schneidige Dressur, wie sie vielen Gebrauchshunderassen nicht abtr\u00e4glich zu sein scheint, erregt beim Rhodesian Ridgeback nicht nur Mi\u00dffallen, sondern oft auch passiven Widerstand &#8211; man sieht ihm f\u00f6rmlich an, da\u00df ihn Feldwebelmanieren anekeln. Und das Erzwungene annehmen, lernen, zu Kreuze kriechen tut er dann schon gar nicht.<\/p>\n<p>Auch diese Rasse entwickelt oft erst im Alter den Charme, den die W\u00fcrde und die Lebenserfahrung \u00e4lterer Hunde so oft mit sich bringt. Die Ridgebacks bezaubern immer wieder mit der Jugendlichkeit, mit der sie ihre Zuneigung zu den Menschen, die sie lieben, ausdr\u00fccken. Der Rhodesian Ridgeback ist ein vorz\u00fcglicher Wohnungshund, er liegt ebenso gerne weich und warm wie seine Menschen. Und er ist der unersch\u00fctterlichen \u00dcberzeugung, da\u00df er der ideale Scho\u00dfhund w\u00e4re. Wenn man ihn nur lie\u00dfe. Was meist daran scheitert, da\u00df er vom Scho\u00df der meisten Menschen zu weit \u00fcberh\u00e4ngt.<\/p>\n<p>Grunds\u00e4tzlich ist der Rhodesian Ridgeback, und dasmacht ihn so sympathisch, faul und genu\u00dfs\u00fcchtig. Er liebt warme, weiche Liegepl\u00e4tze und das Nichtstun. Will man etwas von ihm, das ihm unangemessen erscheint, erweist er sich als gro\u00dfartiger Schauspieler. Ridgebacks k\u00f6nnen so t\u00e4ppisch, beh\u00e4big und stur anstell, da\u00df man bef\u00fcrchten k\u00f6nnte, sie seien &#8218;begriffsstutzig&#8216;, wenn man es nicht besser w\u00fc\u00dfte.<\/p>\n<p>Greifen Sie nach der Leine und den Schuhen, um Spazierenzugehen, haben Sie pl\u00f6tzlich einen v\u00f6llig gewandelten Hund. Wiewohl ruhig in der Grundstimmung, ist der Rhodesian Ridgeback f\u00fcr einen Spaziergang immer sofort auf den F\u00fc\u00dfen &#8211; er ist unerm\u00fcdlich in seiner Laufleistung. Und der Spazierg\u00e4nger darf sich sicher und besch\u00fctzt f\u00fchlen, denn diese Rasse hat oft noch immer die feine Sinneswahrnehmung, die sie vermutlich, zusammen mit ihrem Mut und ihrer Wendigkeit, vor rund hundert Jahren zum idealen Hundetyp f\u00fcr alle von Cornelius van Rooyen bejagten Landstriche des schwarzen Kontinents gemacht hat. In dieser Hinsicht sind Rhodesian Ridgebacks noch immer L\u00f6wenhunde.<\/p>\n<p>&#8211; aus dem Buch: &#8222;Der Rhodesian Ridgeback&#8220; von Jochen H. Eberhardt<\/p>\n","protected":false},"excerpt":{"rendered":"<p>Der Rhodesian Ridgeback ist ein eher ruhiger Hund, der schon in seiner Jugend eigentlich nach menschlichen Ma\u00dfst\u00e4ben recht &#8218;anst\u00e4ndig&#8216; ist und sich, wenn die Besitzer verst\u00e4ndig und mit Augenma\u00df herangehen, [&hellip;]<\/p>\n","protected":false},"author":1,"featured_media":0,"parent":0,"menu_order":0,"comment_status":"closed","ping_status":"open","template":"","meta":{"footnotes":""},"class_list":["post-201","page","type-page","status-publish","hentry"],"_links":{"self":[{"href":"https:\/\/www.shalanga.de\/index.php?rest_route=\/wp\/v2\/pages\/201","targetHints":{"allow":["GET"]}}],"collection":[{"href":"https:\/\/www.shalanga.de\/index.php?rest_route=\/wp\/v2\/pages"}],"about":[{"href":"https:\/\/www.shalanga.de\/index.php?rest_route=\/wp\/v2\/types\/page"}],"author":[{"embeddable":true,"href":"https:\/\/www.shalanga.de\/index.php?rest_route=\/wp\/v2\/users\/1"}],"replies":[{"embeddable":true,"href":"https:\/\/www.shalanga.de\/index.php?rest_route=%2Fwp%2Fv2%2Fcomments&post=201"}],"version-history":[{"count":1,"href":"https:\/\/www.shalanga.de\/index.php?rest_route=\/wp\/v2\/pages\/201\/revisions"}],"predecessor-version":[{"id":202,"href":"https:\/\/www.shalanga.de\/index.php?rest_route=\/wp\/v2\/pages\/201\/revisions\/202"}],"wp:attachment":[{"href":"https:\/\/www.shalanga.de\/index.php?rest_route=%2Fwp%2Fv2%2Fmedia&parent=201"}],"curies":[{"name":"wp","href":"https:\/\/api.w.org\/{rel}","templated":true}]}}