{"id":32,"date":"2013-02-13T15:56:06","date_gmt":"2013-02-13T13:56:06","guid":{"rendered":"http:\/\/neu.shalanga.de\/wordpress\/?page_id=32"},"modified":"2013-12-30T13:05:15","modified_gmt":"2013-12-30T11:05:15","slug":"anea","status":"publish","type":"page","link":"https:\/\/www.shalanga.de\/?page_id=32","title":{"rendered":"Zungwini Anea"},"content":{"rendered":"<table class=\"contentTable0\" border=\"0\">\n<colgroup>\n<col width=\"315\" \/>\n<col width=\"100\" \/> <\/colgroup>\n<tbody>\n<tr>\n<td rowspan=\"2\"><a href=\"https:\/\/www.shalanga.de\/wp-content\/uploads\/2013\/10\/DSC00037.jpg\"><img loading=\"lazy\" decoding=\"async\" title=\"Anea mit 13 Jahren\" alt=\"Anea mit 13 Jahren\" src=\"https:\/\/www.shalanga.de\/wp-content\/uploads\/2013\/10\/DSC00037.jpg\" width=\"307\" height=\"230\" \/><\/a><\/td>\n<td valign=\"top\">Rufname<\/p>\n<p>*<\/p>\n<p>\u2020<\/p>\n<p>Z\u00fcchterin<\/td>\n<td valign=\"top\">Anea<\/p>\n<p>20.07.1996<\/p>\n<p>06.09.2009<\/p>\n<p>Karin Z\u00fchlke<\/td>\n<\/tr>\n<\/tbody>\n<\/table>\n<p>Anea war unser erster Ridgeback. Sie war etwas ganz Besonderes. Anea hat uns \u00fcber 13 Jahre begleitet und wir sind sehr dankbar, da\u00df wir sie haben durften.<\/p>\n<blockquote>Was man tief in seinem Herzen besitzt,<br \/>\nkann mann nicht durch den Tod verlieren.<\/p>\n<p><span style=\"font-size: small;\">&#8211; Johann Wolfgang von Goethe<\/span><\/blockquote>\n\n<div class=\"row gallery-space pV0H10\">\n\t\t\t\t<div class=\"six columns mobile-three space-bottom mobile-fullwidth\">\n\t\t\t\t<div class=\"row\">\n\t\t\t\t\t<div class=\"twelve columns pV0H5 gallery_prettyphoto\">\n\t\t\t\t\t\t<a class=\"gallery_2col image\" rel=\"prettyPhoto[gallery2col]\"  href=\"https:\/\/www.shalanga.de\/wp-content\/uploads\/2013\/10\/anea-2.jpg\" title=\"Anea mit 2 Jahren\">\n\t\t\t\t\t\t\t\t\t\t\t<img decoding=\"async\" src=\"https:\/\/www.shalanga.de\/wp-content\/uploads\/2013\/10\/anea-2-400x250.jpg\" alt=\"Anea mit 2 Jahren\" title=\"Anea mit 2 Jahren\"\/>\n\t\t\t\t\t\t\t\t\t\t\t<\/a>\n\t\t\t\t\t<\/div>\n\t\t\t\t<\/div>\n\t\t\t<\/div>                 \n\t\t\t\t\n\t\t\t\t<div class=\"six columns mobile-three space-bottom mobile-fullwidth\">\n\t\t\t\t<div class=\"row\">\n\t\t\t\t\t<div class=\"twelve columns pV0H5 gallery_prettyphoto\">\n\t\t\t\t\t\t<a class=\"gallery_2col image\" rel=\"prettyPhoto[gallery2col]\"  href=\"https:\/\/www.shalanga.de\/wp-content\/uploads\/2013\/10\/anea-3.jpg\" title=\"Anea mit 2 Jahren\">\n\t\t\t\t\t\t\t\t\t\t\t<img decoding=\"async\" src=\"https:\/\/www.shalanga.de\/wp-content\/uploads\/2013\/10\/anea-3-400x250.jpg\" alt=\"Anea mit 2 Jahren\" title=\"Anea mit 2 Jahren\"\/>\n\t\t\t\t\t\t\t\t\t\t\t<\/a>\n\t\t\t\t\t<\/div>\n\t\t\t\t<\/div>\n\t\t\t<\/div>                 \n\t\t\t\t\n\t\t\t\t<div class=\"six columns mobile-three space-bottom mobile-fullwidth\">\n\t\t\t\t<div class=\"row\">\n\t\t\t\t\t<div class=\"twelve columns pV0H5 gallery_prettyphoto\">\n\t\t\t\t\t\t<a class=\"gallery_2col image\" rel=\"prettyPhoto[gallery2col]\"  href=\"https:\/\/www.shalanga.de\/wp-content\/uploads\/2013\/10\/anea-4.jpg\" title=\"Anea mit 3 Jahren\">\n\t\t\t\t\t\t\t\t\t\t\t<img decoding=\"async\" src=\"https:\/\/www.shalanga.de\/wp-content\/uploads\/2013\/10\/anea-4-400x250.jpg\" alt=\"Anea mit 3 Jahren\" title=\"Anea mit 3 Jahren\"\/>\n\t\t\t\t\t\t\t\t\t\t\t<\/a>\n\t\t\t\t\t<\/div>\n\t\t\t\t<\/div>\n\t\t\t<\/div>                 \n\t\t\t\t\n\t\t\t\t<div class=\"six columns mobile-three space-bottom mobile-fullwidth\">\n\t\t\t\t<div class=\"row\">\n\t\t\t\t\t<div class=\"twelve columns pV0H5 gallery_prettyphoto\">\n\t\t\t\t\t\t<a class=\"gallery_2col image\" rel=\"prettyPhoto[gallery2col]\"  href=\"https:\/\/www.shalanga.de\/wp-content\/uploads\/2013\/10\/DSC04863_edit.jpg\" title=\"Anea mit 11 Jahren\">\n\t\t\t\t\t\t\t\t\t\t\t<img decoding=\"async\" src=\"https:\/\/www.shalanga.de\/wp-content\/uploads\/2013\/10\/DSC04863_edit-400x250.jpg\" alt=\"Anea mit 11 Jahren\" title=\"Anea mit 11 Jahren\"\/>\n\t\t\t\t\t\t\t\t\t\t\t<\/a>\n\t\t\t\t\t<\/div>\n\t\t\t\t<\/div>\n\t\t\t<\/div>                 \n\t\t\t\t\n\t\t\n\n<\/div>            \n\n\n","protected":false},"excerpt":{"rendered":"<p>Rufname * \u2020 Z\u00fcchterin Anea 20.07.1996 06.09.2009 Karin Z\u00fchlke Anea war unser erster Ridgeback. Sie war etwas ganz Besonderes. Anea hat uns \u00fcber 13 Jahre begleitet und wir sind sehr [&hellip;]<\/p>\n","protected":false},"author":1,"featured_media":0,"parent":0,"menu_order":0,"comment_status":"closed","ping_status":"open","template":"","meta":{"footnotes":""},"class_list":["post-32","page","type-page","status-publish","hentry"],"_links":{"self":[{"href":"https:\/\/www.shalanga.de\/index.php?rest_route=\/wp\/v2\/pages\/32","targetHints":{"allow":["GET"]}}],"collection":[{"href":"https:\/\/www.shalanga.de\/index.php?rest_route=\/wp\/v2\/pages"}],"about":[{"href":"https:\/\/www.shalanga.de\/index.php?rest_route=\/wp\/v2\/types\/page"}],"author":[{"embeddable":true,"href":"https:\/\/www.shalanga.de\/index.php?rest_route=\/wp\/v2\/users\/1"}],"replies":[{"embeddable":true,"href":"https:\/\/www.shalanga.de\/index.php?rest_route=%2Fwp%2Fv2%2Fcomments&post=32"}],"version-history":[{"count":44,"href":"https:\/\/www.shalanga.de\/index.php?rest_route=\/wp\/v2\/pages\/32\/revisions"}],"predecessor-version":[{"id":842,"href":"https:\/\/www.shalanga.de\/index.php?rest_route=\/wp\/v2\/pages\/32\/revisions\/842"}],"wp:attachment":[{"href":"https:\/\/www.shalanga.de\/index.php?rest_route=%2Fwp%2Fv2%2Fmedia&parent=32"}],"curies":[{"name":"wp","href":"https:\/\/api.w.org\/{rel}","templated":true}]}}