{"id":68,"date":"2013-02-18T12:23:36","date_gmt":"2013-02-18T10:23:36","guid":{"rendered":"http:\/\/neu.shalanga.de\/?page_id=68"},"modified":"2013-12-30T13:04:13","modified_gmt":"2013-12-30T11:04:13","slug":"b-wurf","status":"publish","type":"page","link":"https:\/\/www.shalanga.de\/?page_id=68","title":{"rendered":"B-Wurf"},"content":{"rendered":"<p>Am 05.12.2001 wurde unsere Zuchth\u00fcndin Anea vom Deckr\u00fcden Chipangali&#8217;s Kamani gedeckt. Genau 2 Monate sp\u00e4ter also am 05.02.2002 kamen 6 gesunde Welpen zur Welt!<\/p>\n<table class=\"contentTable0\" border=\"0\">\n<tbody>\n<tr>\n<td>\n<p><div id=\"attachment_720\" style=\"width: 310px\" class=\"wp-caption alignnone\"><a href=\"https:\/\/www.shalanga.de\/wp-content\/uploads\/2013\/02\/anea.jpg\"><img loading=\"lazy\" decoding=\"async\" aria-describedby=\"caption-attachment-720\" class=\"size-medium wp-image-720\" alt=\"Anea\" src=\"https:\/\/www.shalanga.de\/wp-content\/uploads\/2013\/02\/anea-300x200.jpg\" width=\"300\" height=\"200\" srcset=\"https:\/\/www.shalanga.de\/wp-content\/uploads\/2013\/02\/anea-300x200.jpg 300w, https:\/\/www.shalanga.de\/wp-content\/uploads\/2013\/02\/anea.jpg 640w\" sizes=\"auto, (max-width: 300px) 100vw, 300px\" \/><\/a><p id=\"caption-attachment-720\" class=\"wp-caption-text\">Anea<\/p><\/div><\/td>\n<td>\n<p><div id=\"attachment_752\" style=\"width: 209px\" class=\"wp-caption alignnone\"><a href=\"https:\/\/www.shalanga.de\/wp-content\/uploads\/2013\/11\/kamani.jpg\"><img loading=\"lazy\" decoding=\"async\" aria-describedby=\"caption-attachment-752\" class=\" wp-image-752 \" alt=\"Kamani\" src=\"https:\/\/www.shalanga.de\/wp-content\/uploads\/2013\/11\/kamani-284x300.jpg\" width=\"199\" height=\"210\" srcset=\"https:\/\/www.shalanga.de\/wp-content\/uploads\/2013\/11\/kamani-284x300.jpg 284w, https:\/\/www.shalanga.de\/wp-content\/uploads\/2013\/11\/kamani.jpg 640w\" sizes=\"auto, (max-width: 199px) 100vw, 199px\" \/><\/a><p id=\"caption-attachment-752\" class=\"wp-caption-text\">Kamani<\/p><\/div><\/td>\n<\/tr>\n<tr>\n<td><a href=\"https:\/\/www.shalanga.de\/wp-content\/uploads\/2013\/02\/aktwurf07.jpg\"><img loading=\"lazy\" decoding=\"async\" class=\"alignnone size-medium wp-image-723\" alt=\"Anea &amp; Kamani\" src=\"https:\/\/www.shalanga.de\/wp-content\/uploads\/2013\/02\/aktwurf07-300x200.jpg\" width=\"300\" height=\"200\" srcset=\"https:\/\/www.shalanga.de\/wp-content\/uploads\/2013\/02\/aktwurf07-300x200.jpg 300w, https:\/\/www.shalanga.de\/wp-content\/uploads\/2013\/02\/aktwurf07.jpg 640w\" sizes=\"auto, (max-width: 300px) 100vw, 300px\" \/><\/a><\/td>\n<td>\u00a0<a href=\"https:\/\/www.shalanga.de\/wp-content\/uploads\/2013\/02\/aktwurf06.jpg\"><img loading=\"lazy\" decoding=\"async\" class=\"alignnone size-medium wp-image-722\" alt=\"Anea &amp; Kamani\" src=\"https:\/\/www.shalanga.de\/wp-content\/uploads\/2013\/02\/aktwurf06-300x200.jpg\" width=\"300\" height=\"200\" srcset=\"https:\/\/www.shalanga.de\/wp-content\/uploads\/2013\/02\/aktwurf06-300x200.jpg 300w, https:\/\/www.shalanga.de\/wp-content\/uploads\/2013\/02\/aktwurf06.jpg 640w\" sizes=\"auto, (max-width: 300px) 100vw, 300px\" \/><\/a><\/td>\n<\/tr>\n<\/tbody>\n<\/table>\n<p>Insgesamt sind es 6 Welpen, 4 R\u00fcden und 2 H\u00fcndinnen. Alle Welpen wurden am 05.02.2002 geboren. Die Dauer der Geburt betrug nur ca. 4 1\/2 Stunden. Der leichteste Welpe wog 408g und der schwerste Welpe wog 548g.<\/p>\n<p><strong>Die Welpen:<\/strong><\/p>\n<table class=\"contentTable0\" border=\"0\">\n<tbody>\n<tr>\n<td>Bijou<\/td>\n<td>Banjana<\/td>\n<\/tr>\n<tr>\n<td><a href=\"https:\/\/www.shalanga.de\/wp-content\/uploads\/2013\/10\/aktwurf08.jpg\"><img loading=\"lazy\" decoding=\"async\" class=\"alignnone  wp-image-730\" alt=\"Bijou\" src=\"https:\/\/www.shalanga.de\/wp-content\/uploads\/2013\/10\/aktwurf08.jpg\" width=\"307\" height=\"230\" srcset=\"https:\/\/www.shalanga.de\/wp-content\/uploads\/2013\/10\/aktwurf08.jpg 640w, https:\/\/www.shalanga.de\/wp-content\/uploads\/2013\/10\/aktwurf08-300x225.jpg 300w, https:\/\/www.shalanga.de\/wp-content\/uploads\/2013\/10\/aktwurf08-200x150.jpg 200w\" sizes=\"auto, (max-width: 307px) 100vw, 307px\" \/><\/a><\/td>\n<td>\u00a0<a href=\"https:\/\/www.shalanga.de\/wp-content\/uploads\/2013\/10\/aktwurf09.jpg\"><img loading=\"lazy\" decoding=\"async\" class=\"alignnone  wp-image-731\" alt=\"Banjana\" src=\"https:\/\/www.shalanga.de\/wp-content\/uploads\/2013\/10\/aktwurf09.jpg\" width=\"307\" height=\"230\" srcset=\"https:\/\/www.shalanga.de\/wp-content\/uploads\/2013\/10\/aktwurf09.jpg 640w, https:\/\/www.shalanga.de\/wp-content\/uploads\/2013\/10\/aktwurf09-300x225.jpg 300w, https:\/\/www.shalanga.de\/wp-content\/uploads\/2013\/10\/aktwurf09-200x150.jpg 200w\" sizes=\"auto, (max-width: 307px) 100vw, 307px\" \/><\/a><\/td>\n<\/tr>\n<tr>\n<td>Boma<\/td>\n<td>Bashiri<\/td>\n<\/tr>\n<tr>\n<td><a href=\"https:\/\/www.shalanga.de\/wp-content\/uploads\/2013\/10\/aktwurf10.jpg\"><img loading=\"lazy\" decoding=\"async\" class=\"alignnone  wp-image-732\" alt=\"Boma\" src=\"https:\/\/www.shalanga.de\/wp-content\/uploads\/2013\/10\/aktwurf10.jpg\" width=\"307\" height=\"230\" srcset=\"https:\/\/www.shalanga.de\/wp-content\/uploads\/2013\/10\/aktwurf10.jpg 640w, https:\/\/www.shalanga.de\/wp-content\/uploads\/2013\/10\/aktwurf10-300x225.jpg 300w, https:\/\/www.shalanga.de\/wp-content\/uploads\/2013\/10\/aktwurf10-200x150.jpg 200w\" sizes=\"auto, (max-width: 307px) 100vw, 307px\" \/><\/a><\/td>\n<td>\u00a0<a href=\"https:\/\/www.shalanga.de\/wp-content\/uploads\/2013\/10\/aktwurf11.jpg\"><img loading=\"lazy\" decoding=\"async\" class=\"alignnone  wp-image-733\" alt=\"Bashiri\" src=\"https:\/\/www.shalanga.de\/wp-content\/uploads\/2013\/10\/aktwurf11.jpg\" width=\"307\" height=\"230\" srcset=\"https:\/\/www.shalanga.de\/wp-content\/uploads\/2013\/10\/aktwurf11.jpg 640w, https:\/\/www.shalanga.de\/wp-content\/uploads\/2013\/10\/aktwurf11-300x225.jpg 300w, https:\/\/www.shalanga.de\/wp-content\/uploads\/2013\/10\/aktwurf11-200x150.jpg 200w\" sizes=\"auto, (max-width: 307px) 100vw, 307px\" \/><\/a><\/td>\n<\/tr>\n<tr>\n<td>Bikila<\/td>\n<td>\u00a0Bakiri<\/td>\n<\/tr>\n<tr>\n<td><a href=\"https:\/\/www.shalanga.de\/wp-content\/uploads\/2013\/10\/aktwurf12.jpg\"><img loading=\"lazy\" decoding=\"async\" class=\"alignnone  wp-image-734\" alt=\"Bikila\" src=\"https:\/\/www.shalanga.de\/wp-content\/uploads\/2013\/10\/aktwurf12.jpg\" width=\"307\" height=\"207\" srcset=\"https:\/\/www.shalanga.de\/wp-content\/uploads\/2013\/10\/aktwurf12.jpg 640w, https:\/\/www.shalanga.de\/wp-content\/uploads\/2013\/10\/aktwurf12-300x202.jpg 300w\" sizes=\"auto, (max-width: 307px) 100vw, 307px\" \/><\/a><\/td>\n<td><a href=\"https:\/\/www.shalanga.de\/wp-content\/uploads\/2013\/10\/aktwurf13.jpg\"><img loading=\"lazy\" decoding=\"async\" class=\"alignnone  wp-image-735\" alt=\"Bakiri\" src=\"https:\/\/www.shalanga.de\/wp-content\/uploads\/2013\/10\/aktwurf13.jpg\" width=\"307\" height=\"230\" srcset=\"https:\/\/www.shalanga.de\/wp-content\/uploads\/2013\/10\/aktwurf13.jpg 640w, https:\/\/www.shalanga.de\/wp-content\/uploads\/2013\/10\/aktwurf13-300x225.jpg 300w, https:\/\/www.shalanga.de\/wp-content\/uploads\/2013\/10\/aktwurf13-200x150.jpg 200w\" sizes=\"auto, (max-width: 307px) 100vw, 307px\" \/><\/a><\/td>\n<\/tr>\n<tr>\n<td><\/td>\n<td><\/td>\n<\/tr>\n<tr>\n<td><\/td>\n<td><\/td>\n<\/tr>\n<tr>\n<td><a style=\"font-family: Georgia, 'Times New Roman', 'Bitstream Charter', Times, serif; font-size: 13px; line-height: 19px;\" href=\"https:\/\/www.shalanga.de\/wp-content\/uploads\/2013\/02\/aktwurf14.jpg\"><img loading=\"lazy\" decoding=\"async\" class=\"alignnone  wp-image-737\" alt=\"Anea &amp; Asimba\" src=\"https:\/\/www.shalanga.de\/wp-content\/uploads\/2013\/02\/aktwurf14.jpg\" width=\"298\" height=\"225\" srcset=\"https:\/\/www.shalanga.de\/wp-content\/uploads\/2013\/02\/aktwurf14.jpg 640w, https:\/\/www.shalanga.de\/wp-content\/uploads\/2013\/02\/aktwurf14-300x225.jpg 300w, https:\/\/www.shalanga.de\/wp-content\/uploads\/2013\/02\/aktwurf14-200x150.jpg 200w\" sizes=\"auto, (max-width: 298px) 100vw, 298px\" \/><\/a><\/td>\n<td><a href=\"https:\/\/www.shalanga.de\/wp-content\/uploads\/2013\/02\/aktwurf15.jpg\"><img loading=\"lazy\" decoding=\"async\" class=\"alignnone  wp-image-738\" alt=\"Welpentreffen 2003\" src=\"https:\/\/www.shalanga.de\/wp-content\/uploads\/2013\/02\/aktwurf15.jpg\" width=\"299\" height=\"225\" srcset=\"https:\/\/www.shalanga.de\/wp-content\/uploads\/2013\/02\/aktwurf15.jpg 640w, https:\/\/www.shalanga.de\/wp-content\/uploads\/2013\/02\/aktwurf15-300x225.jpg 300w, https:\/\/www.shalanga.de\/wp-content\/uploads\/2013\/02\/aktwurf15-200x150.jpg 200w\" sizes=\"auto, (max-width: 299px) 100vw, 299px\" \/><\/a><\/td>\n<\/tr>\n<\/tbody>\n<\/table>\n","protected":false},"excerpt":{"rendered":"<p>Am 05.12.2001 wurde unsere Zuchth\u00fcndin Anea vom Deckr\u00fcden Chipangali&#8217;s Kamani gedeckt. Genau 2 Monate sp\u00e4ter also am 05.02.2002 kamen 6 gesunde Welpen zur Welt! \u00a0 Insgesamt sind es 6 Welpen, [&hellip;]<\/p>\n","protected":false},"author":1,"featured_media":0,"parent":0,"menu_order":0,"comment_status":"closed","ping_status":"open","template":"","meta":{"footnotes":""},"class_list":["post-68","page","type-page","status-publish","hentry"],"_links":{"self":[{"href":"https:\/\/www.shalanga.de\/index.php?rest_route=\/wp\/v2\/pages\/68","targetHints":{"allow":["GET"]}}],"collection":[{"href":"https:\/\/www.shalanga.de\/index.php?rest_route=\/wp\/v2\/pages"}],"about":[{"href":"https:\/\/www.shalanga.de\/index.php?rest_route=\/wp\/v2\/types\/page"}],"author":[{"embeddable":true,"href":"https:\/\/www.shalanga.de\/index.php?rest_route=\/wp\/v2\/users\/1"}],"replies":[{"embeddable":true,"href":"https:\/\/www.shalanga.de\/index.php?rest_route=%2Fwp%2Fv2%2Fcomments&post=68"}],"version-history":[{"count":27,"href":"https:\/\/www.shalanga.de\/index.php?rest_route=\/wp\/v2\/pages\/68\/revisions"}],"predecessor-version":[{"id":840,"href":"https:\/\/www.shalanga.de\/index.php?rest_route=\/wp\/v2\/pages\/68\/revisions\/840"}],"wp:attachment":[{"href":"https:\/\/www.shalanga.de\/index.php?rest_route=%2Fwp%2Fv2%2Fmedia&parent=68"}],"curies":[{"name":"wp","href":"https:\/\/api.w.org\/{rel}","templated":true}]}}