{"id":8,"date":"2013-02-13T15:47:07","date_gmt":"2013-02-13T13:47:07","guid":{"rendered":"http:\/\/neu.shalanga.de\/wordpress\/?page_id=8"},"modified":"2013-12-30T12:45:46","modified_gmt":"2013-12-30T10:45:46","slug":"uber-uns","status":"publish","type":"page","link":"https:\/\/www.shalanga.de\/?page_id=8","title":{"rendered":"\u00dcber Uns"},"content":{"rendered":"<p><a href=\"https:\/\/www.shalanga.de\/wp-content\/uploads\/2013\/10\/ueber-uns-1.jpg\"><img loading=\"lazy\" decoding=\"async\" class=\"wp-image-329 alignright\" alt=\"Anea &amp; Asimba\" src=\"https:\/\/www.shalanga.de\/wp-content\/uploads\/2013\/10\/ueber-uns-1.jpg\" width=\"258\" height=\"194\" srcset=\"https:\/\/www.shalanga.de\/wp-content\/uploads\/2013\/10\/ueber-uns-1.jpg 1024w, https:\/\/www.shalanga.de\/wp-content\/uploads\/2013\/10\/ueber-uns-1-300x225.jpg 300w, https:\/\/www.shalanga.de\/wp-content\/uploads\/2013\/10\/ueber-uns-1-200x150.jpg 200w\" sizes=\"auto, (max-width: 258px) 100vw, 258px\" \/><\/a>Wir sind eine Familie mit drei Kindern und wohnen in der N\u00e4he von L\u00fcbeck. Unsere erste Begegnung mit dem Rhodesian Ridgeback war im Jahr 1995. Seit diesem Moment wussten wir &#8222;diese Rasse und keine andere&#8220;.<\/p>\n<p>Ein ganzes Jahr haben wir uns vorbereitet, viele VDH-Z\u00fcchter besucht und nat\u00fcrlich viel \u00fcber diese Rasse recherchiert.<\/p>\n<p>Im Juli 1996 fiel der A-Wurf im Kennel &#8222;Zungwini&#8220; bei Frau Z\u00fchlke (4 R\u00fcden und 2 H\u00fcndinnen). Wir hatten Gl\u00fcck und durften diese bildsch\u00f6ne, korrekte H\u00fcndin namens Anea mit Nachhause nehmen. Schnell stellte sich heraus, dass Anea ein Hund mit besonderem Charakter war. So waren wir &#8222;gezwungen&#8220; uns noch intensiver mit dem Thema Hundeerziehung auseinander zu setzen.<\/p>\n<p><a href=\"https:\/\/www.shalanga.de\/wp-content\/uploads\/2013\/10\/ueber-uns-2.jpg\"><img loading=\"lazy\" decoding=\"async\" class=\" wp-image-330 alignleft\" alt=\"Nelly, Elana &amp; Asimba\" src=\"https:\/\/www.shalanga.de\/wp-content\/uploads\/2013\/10\/ueber-uns-2.jpg\" width=\"262\" height=\"197\" srcset=\"https:\/\/www.shalanga.de\/wp-content\/uploads\/2013\/10\/ueber-uns-2.jpg 912w, https:\/\/www.shalanga.de\/wp-content\/uploads\/2013\/10\/ueber-uns-2-300x225.jpg 300w, https:\/\/www.shalanga.de\/wp-content\/uploads\/2013\/10\/ueber-uns-2-200x150.jpg 200w\" sizes=\"auto, (max-width: 262px) 100vw, 262px\" \/><\/a><\/p>\n<p>Wir haben diverse Seminare, unter anderem bei Dr. Ute Blaschke-Berthold, besucht. Dadurch hat sich unsere Einstellung, zur Erziehung eines Hundes, grundlegend ver\u00e4ndert.\u00a0Da Anea eine wesensfeste, menschenfreundliche und viel versprechende Erscheinung war, haben wir beschlossen mit ihr zu z\u00fcchten. Im Jahr 1999 hat Anea ihren ersten Wurf zur Welt gebracht &#8211; 10 gesunde Welpen, davon 9 Korrekte. Aus diesem Wurf haben wir unseren Nachzucht-R\u00fcden Asimba behalten.<\/p>\n<p>Asimba hat sich zu einem stattlichen R\u00fcden entwickelt und wurde auf vielen sowohl nationalen, als auch internationalen Ausstellungen ganz vorne platziert.<\/p>\n<p>Im Jahre 2002 hatte Anea Ihren zweiten Wurf zur Welt gebracht &#8211; 6 gesunde Welpen (4 R\u00fcden und 2 H\u00fcndinnen). Zwei R\u00fcden aus diesem Wurf, wurden sogar zum Therapiehund ausgebildet.<\/p>\n<p><a href=\"https:\/\/www.shalanga.de\/wp-content\/uploads\/2013\/10\/ueber-uns-3.jpg\"><img loading=\"lazy\" decoding=\"async\" class=\" wp-image-331 alignright\" alt=\"Elana\" src=\"https:\/\/www.shalanga.de\/wp-content\/uploads\/2013\/10\/ueber-uns-3.jpg\" width=\"252\" height=\"168\" srcset=\"https:\/\/www.shalanga.de\/wp-content\/uploads\/2013\/10\/ueber-uns-3.jpg 1296w, https:\/\/www.shalanga.de\/wp-content\/uploads\/2013\/10\/ueber-uns-3-300x200.jpg 300w, https:\/\/www.shalanga.de\/wp-content\/uploads\/2013\/10\/ueber-uns-3-1024x682.jpg 1024w\" sizes=\"auto, (max-width: 252px) 100vw, 252px\" \/><\/a>Nach 13 tollen Jahren mussten wir von Anea Abschied nehmen. Sie wird f\u00fcr immer in unseren Herzen bleiben.\u00a0Am Ende einer langen Zeit der Trauer, waren wir wieder bereit einen Welpen in unsere Familie aufzunehmen.<\/p>\n<p>Am 30.08.2010 kam der E-Wurf des Kennel Meranga Grande zur Welt. Dort fanden wir unseren Wunschwelpen namens Elana (bedeutet &#8222;strahlende Sch\u00f6nheit&#8220;). Elana hat sich zu einer freundlichen und selbstbewussten H\u00fcndin entwickelt.<\/p>\n<table class=\"contentTable0\" border=\"0\">\n<tbody>\n<tr>\n<td colspan=\"3\">\n<h3>Hier sind wir Mitglied:<\/h3>\n<\/td>\n<\/tr>\n<tr>\n<td><img loading=\"lazy\" decoding=\"async\" class=\"wp-image-622 alignnone\" title=\"VDH\" alt=\"VDH\" src=\"https:\/\/www.shalanga.de\/wp-content\/uploads\/2013\/02\/vdh-logo.png\" width=\"163\" height=\"91\" srcset=\"https:\/\/www.shalanga.de\/wp-content\/uploads\/2013\/02\/vdh-logo.png 1258w, https:\/\/www.shalanga.de\/wp-content\/uploads\/2013\/02\/vdh-logo-300x167.png 300w, https:\/\/www.shalanga.de\/wp-content\/uploads\/2013\/02\/vdh-logo-1024x573.png 1024w\" sizes=\"auto, (max-width: 163px) 100vw, 163px\" \/><\/td>\n<td><img loading=\"lazy\" decoding=\"async\" class=\"alignnone  wp-image-623\" title=\"FCI\" alt=\"FCI\" src=\"https:\/\/www.shalanga.de\/wp-content\/uploads\/2013\/02\/fci-logo.png\" width=\"194\" height=\"82\" srcset=\"https:\/\/www.shalanga.de\/wp-content\/uploads\/2013\/02\/fci-logo.png 323w, https:\/\/www.shalanga.de\/wp-content\/uploads\/2013\/02\/fci-logo-300x126.png 300w\" sizes=\"auto, (max-width: 194px) 100vw, 194px\" \/><\/td>\n<td><img loading=\"lazy\" decoding=\"async\" class=\"alignnone  wp-image-642\" alt=\"dzrr logo\" src=\"https:\/\/www.shalanga.de\/wp-content\/uploads\/2013\/02\/dzrr-logo.jpg\" width=\"158\" height=\"110\" srcset=\"https:\/\/www.shalanga.de\/wp-content\/uploads\/2013\/02\/dzrr-logo.jpg 459w, https:\/\/www.shalanga.de\/wp-content\/uploads\/2013\/02\/dzrr-logo-300x207.jpg 300w\" sizes=\"auto, (max-width: 158px) 100vw, 158px\" \/><\/td>\n<\/tr>\n<\/tbody>\n<\/table>\n","protected":false},"excerpt":{"rendered":"<p>Wir sind eine Familie mit drei Kindern und wohnen in der N\u00e4he von L\u00fcbeck. Unsere erste Begegnung mit dem Rhodesian Ridgeback war im Jahr 1995. Seit diesem Moment wussten wir [&hellip;]<\/p>\n","protected":false},"author":1,"featured_media":0,"parent":0,"menu_order":0,"comment_status":"closed","ping_status":"open","template":"","meta":{"footnotes":""},"class_list":["post-8","page","type-page","status-publish","hentry"],"_links":{"self":[{"href":"https:\/\/www.shalanga.de\/index.php?rest_route=\/wp\/v2\/pages\/8","targetHints":{"allow":["GET"]}}],"collection":[{"href":"https:\/\/www.shalanga.de\/index.php?rest_route=\/wp\/v2\/pages"}],"about":[{"href":"https:\/\/www.shalanga.de\/index.php?rest_route=\/wp\/v2\/types\/page"}],"author":[{"embeddable":true,"href":"https:\/\/www.shalanga.de\/index.php?rest_route=\/wp\/v2\/users\/1"}],"replies":[{"embeddable":true,"href":"https:\/\/www.shalanga.de\/index.php?rest_route=%2Fwp%2Fv2%2Fcomments&post=8"}],"version-history":[{"count":28,"href":"https:\/\/www.shalanga.de\/index.php?rest_route=\/wp\/v2\/pages\/8\/revisions"}],"predecessor-version":[{"id":829,"href":"https:\/\/www.shalanga.de\/index.php?rest_route=\/wp\/v2\/pages\/8\/revisions\/829"}],"wp:attachment":[{"href":"https:\/\/www.shalanga.de\/index.php?rest_route=%2Fwp%2Fv2%2Fmedia&parent=8"}],"curies":[{"name":"wp","href":"https:\/\/api.w.org\/{rel}","templated":true}]}}